{"id":2,"date":"2021-07-07T14:08:15","date_gmt":"2021-07-07T14:08:15","guid":{"rendered":"https:\/\/demo.creativethemes.com\/blocksy\/wedding\/?page_id=2"},"modified":"2022-05-13T08:27:16","modified_gmt":"2022-05-13T08:27:16","slug":"home","status":"publish","type":"page","link":"https:\/\/juurakko.eurea.fi\/","title":{"rendered":"Home"},"content":{"rendered":"\n<div class=\"aligncenter wp-block-ugb-container ugb-container ugb-99980c4 ugb-container--v2 ugb-container--design-plain ugb-main-block\"><style>@media screen and (min-width:768px){.ugb-99980c4.ugb-container{padding-top:346px !important;padding-right:35px !important;padding-bottom:0px !important;padding-left:35px !important}}@media screen and (min-width:768px) and (max-width:1025px){.ugb-99980c4.ugb-container{padding-top:230px !important;padding-bottom:200px !important}}@media screen and (max-width:768px){.ugb-99980c4.ugb-container{padding-top:180px !important;padding-right:18px !important;padding-bottom:150px !important;padding-left:18px !important}}<\/style><div class=\"ugb-inner-block\"><div class=\"ugb-block-content\"><div class=\"ugb-container__wrapper ugb-99980c4-wrapper\"><div class=\"ugb-container__side\"><div class=\"ugb-container__content-wrapper ugb-99980c4-content-wrapper\">\n<div class=\"wp-block-image\"><figure class=\"aligncenter size-full is-resized\"><img loading=\"lazy\" src=\"https:\/\/juurakko.eurea.fi\/wp-content\/uploads\/2022\/05\/logo.png\" alt=\"\" class=\"wp-image-897\" width=\"458\" height=\"88\" srcset=\"https:\/\/juurakko.eurea.fi\/wp-content\/uploads\/2022\/05\/logo.png 536w, https:\/\/juurakko.eurea.fi\/wp-content\/uploads\/2022\/05\/logo-300x58.png 300w\" sizes=\"(max-width: 458px) 100vw, 458px\" \/><\/figure><\/div>\n\n\n\n<div class=\"wp-block-ugb-button ugb-button-wrapper ugb-e5e711a ugb-main-block\"><style>.ugb-e5e711a .ugb-button1 .ugb-button--inner{font-family:\"Open Sans\",Sans-serif !important;font-weight:bold !important;color:var(--theme-palette-color-2,#f8bb98) !important}.ugb-e5e711a .ugb-button1{border-color:var(--theme-palette-color-2,#f8bb98) !important}.ugb-e5e711a .ugb-button1:hover{background-color:var(--theme-palette-color-2,#f8bb98) !important;opacity:1}.ugb-e5e711a .ugb-button1:hover .ugb-button--inner{color:#222222 !important}.ugb-e5e711a .ugb-button1:before{content:\"\";background-image:linear-gradient(90deg,var(--theme-palette-color-2,#f8bb98),var(--theme-palette-color-2,#f8bb98))}<\/style><div class=\"ugb-inner-block\"><div class=\"ugb-block-content\"><div class=\"ugb-button-container\"><a class=\"ugb-button1 ugb-button ugb-button--size-normal ugb-button--ghost-to-normal-effect ugb--hover-effect-scale ugb-button--design-ghost\" href=\"https:\/\/eurea.fi\/meista\/#ota-meihin-yhteytta\" target=\"_blank\" rel=\"noopener noreferrer\" title=\"\"><span class=\"ugb-button--inner\">Ota yhteytt\u00e4<\/span><\/a><\/div><\/div><\/div><\/div>\n\n\n\n<div class=\"wp-block-ugb-icon ugb-icon ugb-7775467 ugb-icon--v2 ugb-icon--design-basic ugb-main-block\"><style>.ugb-7775467 .ugb-icon__icon .ugb-icon-inner-svg,.ugb-7775467 .ugb-icon__icon .ugb-icon-inner-svg svg{width:35px !important;height:35px !important}.ugb-7775467 .ugb-icon__icon .ugb-icon-inner-svg{color:var(--theme-palette-color-2,#f8bb98) !important}.ugb-7775467 .ugb-icon__icon{margin-bottom:0px !important}@media screen and (min-width:768px){.ugb-7775467.ugb-icon{margin-bottom:0px !important}}.ugb-7775467 .ugb-icon__icon .ugb-icon-inner-svg,.ugb-7775467 .ugb-icon__icon .ugb-icon-inner-svg svg *{color:var(--theme-palette-color-2,#f8bb98) !important;fill:var(--theme-palette-color-2,#f8bb98) !important}<\/style><div class=\"ugb-inner-block\"><div class=\"ugb-block-content\"><div class=\"ugb-icon__content-wrapper\"><div class=\"ugb-icon__item ugb-icon__item1\"><a class=\"ugb-icon__icon\" rel=\"\" href=\"#juurakko\"><div class=\"ugb-icon-inner-svg\"><svg aria-hidden=\"true\" focusable=\"false\" data-prefix=\"fas\" data-icon=\"arrow-circle-down\" class=\"svg-inline--fa fa-arrow-circle-down fa-w-16\" role=\"img\" xmlns=\"http:\/\/www.w3.org\/2000\/svg\" viewBox=\"0 0 512 512\"><path fill=\"currentColor\" d=\"M504 256c0 137-111 248-248 248S8 393 8 256 119 8 256 8s248 111 248 248zm-143.6-28.9L288 302.6V120c0-13.3-10.7-24-24-24h-16c-13.3 0-24 10.7-24 24v182.6l-72.4-75.5c-9.3-9.7-24.8-9.9-34.3-.4l-10.9 11c-9.4 9.4-9.4 24.6 0 33.9L239 404.3c9.4 9.4 24.6 9.4 33.9 0l132.7-132.7c9.4-9.4 9.4-24.6 0-33.9l-10.9-11c-9.5-9.5-25-9.3-34.3.4z\"><\/path><\/svg><\/div><\/a><\/div><\/div><\/div><\/div><\/div>\n<\/div><\/div><\/div><\/div><\/div><\/div>\n\n\n\n<div class=\"alignfull wp-block-ugb-container ugb-container ugb-b01e00c ugb-container--v2 ugb-container--design-basic ugb-main-block ugb-main-block--inner-center ugb--has-block-background\" id=\"scroll-anchor\"><style>.ugb-b01e00c-wrapper.ugb-container__wrapper{border-radius:0px !important;background-color:rgba(255,255,255,0.8) !important}.ugb-b01e00c.ugb-container{background-color:rgba(255,255,255,0)}@media screen and (min-width:768px){.ugb-b01e00c.ugb-container{margin-top:0px !important;margin-bottom:0px !important}}@media screen and (max-width:768px){.ugb-b01e00c.ugb-container{margin-top:-80px !important;margin-bottom:0px !important}}@media screen and (min-width:768px){.ugb-b01e00c > .ugb-inner-block > .ugb-block-content > *{padding-top:0px !important;padding-bottom:0px !important;padding-right:0px !important;padding-left:0px !important}}<\/style><div class=\"ugb-inner-block ugb-inner-block--center\"><div class=\"ugb-block-content\"><div class=\"ugb-container__wrapper ugb-b01e00c-wrapper ugb--shadow-6\"><div class=\"ugb-container__side\"><div class=\"ugb-container__content-wrapper ugb-b01e00c-content-wrapper\">\n<div class=\"wp-block-ugb-spacer ugb-spacer ugb-eaeb55f ugb-spacer--v2 ugb-main-block\"><div class=\"ugb-inner-block\"><div class=\"ugb-block-content\"><div class=\"ugb-spacer--inner\"><\/div><\/div><\/div><\/div>\n\n\n\n<div class=\"wp-block-stackable-heading stk-block-heading stk-block stk-267e2b4\" id=\"juurakko\" data-block-id=\"267e2b4\"><style>.stk-267e2b4{margin-right:20px !important;margin-left:20px !important}.stk-267e2b4 .stk-block-heading__text{font-family:\"Adamina\",Sans-serif !important}<\/style><h5 class=\"stk-block-heading__text has-text-align-center\">Juurimusiikkia ja v\u00e4kev\u00e4\u00e4 tarinankerrontaa yhdistelev\u00e4 Juurakko risteytt\u00e4\u00e4 suomenkielisen blueslaulannan ja&nbsp;perinteisen kotimaisen soittimiston railakkaalla skiffle-asenteella. Rouhea Juurakko-blues vie ajoittain syv\u00e4lle&nbsp;r\u00e4meelle ja toisinaan tanssittaa kepe\u00e4sti laivan kannella. Yhtye ylitt\u00e4\u00e4 musiikin tyylirajat riemukkaasti eik\u00e4&nbsp;kaihda eriskummallisiakaan tarinoita. Juurakko on juurilla ja mullassa kyyn\u00e4rp\u00e4it\u00e4 my\u00f6ten.<\/h5><\/div>\n\n\n\n<div class=\"wp-block-stackable-columns stk-block-columns stk-block stk-36bbfc9 stk-block-background\" data-block-id=\"36bbfc9\"><style>.stk-36bbfc9{bottom:-59px !important}<\/style><div class=\"stk-row stk-inner-blocks stk-block-content stk-content-align stk-36bbfc9-column\">\n<div class=\"wp-block-stackable-column stk-block-column stk-column stk-block stk-f5aa159\" data-block-id=\"f5aa159\"><div class=\"stk-column-wrapper stk-block-column__content stk-container stk-f5aa159-container stk--no-background stk--no-padding\"><div class=\"stk-block-content stk-inner-blocks\">\n<div class=\"wp-block-ugb-text ugb-text ugb-1185cb2 ugb-text--design-plain ugb-text--columns-1 ugb-main-block\"><style>.ugb-1185cb2 .ugb-inner-block{text-align:center}<\/style><div class=\"ugb-inner-block\"><div class=\"ugb-block-content\"><div class=\"ugb-text__text-wrapper\"><div class=\"ugb-text__text\"><p class=\"ugb-text__text-1\"><strong>Laura Kaartinen<\/strong><br>laulu, matkaharmoni, ly\u00f6m\u00e4soittimet<\/p><\/div><\/div><\/div><\/div><\/div>\n<\/div><\/div><\/div>\n\n\n\n<div class=\"wp-block-stackable-column stk-block-column stk-column stk-block stk-518a150\" data-block-id=\"518a150\"><div class=\"stk-column-wrapper stk-block-column__content stk-container stk-518a150-container stk--no-background stk--no-padding\"><div class=\"stk-block-content stk-inner-blocks\">\n<div class=\"wp-block-ugb-text ugb-text ugb-60ded5c ugb-text--design-plain ugb-text--columns-1 ugb-main-block\"><style>.ugb-60ded5c .ugb-inner-block{text-align:center}<\/style><div class=\"ugb-inner-block\"><div class=\"ugb-block-content\"><div class=\"ugb-text__text-wrapper\"><div class=\"ugb-text__text\"><p class=\"ugb-text__text-1\"><strong>Minsku Tammela<\/strong><br>laulu, jouhikko, kampa, munniharppu, ly\u00f6m\u00e4soittimet<\/p><\/div><\/div><\/div><\/div><\/div>\n<\/div><\/div><\/div>\n\n\n\n<div class=\"wp-block-stackable-column stk-block-column stk-column stk-block stk-d42a6b2\" data-block-id=\"d42a6b2\"><div class=\"stk-column-wrapper stk-block-column__content stk-container stk-d42a6b2-container stk--no-background stk--no-padding\"><div class=\"stk-block-content stk-inner-blocks\">\n<div class=\"wp-block-ugb-text ugb-text ugb-6068668 ugb-text--design-plain ugb-text--columns-1 ugb-main-block\"><style>.ugb-6068668 .ugb-inner-block{text-align:center}<\/style><div class=\"ugb-inner-block\"><div class=\"ugb-block-content\"><div class=\"ugb-text__text-wrapper\"><div class=\"ugb-text__text\"><p class=\"ugb-text__text-1\"><strong>Anna Wiksten<\/strong><br>laulu, plankku, ly\u00f6m\u00e4soittimet<\/p><\/div><\/div><\/div><\/div><\/div>\n<\/div><\/div><\/div>\n\n\n\n<div class=\"wp-block-stackable-column stk-block-column stk-column stk-block stk-cdb4478\" data-block-id=\"cdb4478\"><div class=\"stk-column-wrapper stk-block-column__content stk-container stk-cdb4478-container stk--no-background stk--no-padding\"><div class=\"stk-block-content stk-inner-blocks\">\n<div class=\"wp-block-ugb-text ugb-text ugb-d1e835d ugb-text--design-plain ugb-text--columns-1 ugb-main-block\"><style>.ugb-d1e835d .ugb-inner-block{text-align:center}<\/style><div class=\"ugb-inner-block\"><div class=\"ugb-block-content\"><div class=\"ugb-text__text-wrapper\"><div class=\"ugb-text__text\"><p class=\"ugb-text__text-1\"><strong>Eija Kankaanranta<\/strong><br>kanteleet<\/p><\/div><\/div><\/div><\/div><\/div>\n<\/div><\/div><\/div>\n\n\n\n<div class=\"wp-block-stackable-column stk-block-column stk-column stk-block stk-e6fb6bd\" data-block-id=\"e6fb6bd\"><div class=\"stk-column-wrapper stk-block-column__content stk-container stk-e6fb6bd-container stk--no-background stk--no-padding\"><div class=\"stk-block-content stk-inner-blocks\">\n<div class=\"wp-block-ugb-text ugb-text ugb-478d84c ugb-text--design-plain ugb-text--columns-1 ugb-main-block\"><style>.ugb-478d84c .ugb-inner-block{text-align:center}<\/style><div class=\"ugb-inner-block\"><div class=\"ugb-block-content\"><div class=\"ugb-text__text-wrapper\"><div class=\"ugb-text__text\"><p class=\"ugb-text__text-1\"><strong>Kaisa Saarikorpi<\/strong><br>laulu, sikarilaatikkosoittimet, kitarat, ly\u00f6m\u00e4soittimet<\/p><\/div><\/div><\/div><\/div><\/div>\n<\/div><\/div><\/div>\n<\/div><\/div>\n\n\n\n<div class=\"wp-block-ugb-video-popup ugb-video-popup ugb-6283aac ugb-video-popup--v3 ugb-main-block\"><style>.ugb-6283aac .ugb-video-popup__wrapper{border-radius:0px;background-color:#000000;background-attachment:fixed;background-image:url(https:\/\/juurakko.eurea.fi\/wp-content\/uploads\/2022\/05\/Na\u0308ytto\u0308kuva-2022-5-13-kello-11.10.39-1.png)}.ugb-6283aac .ugb-video-popup__wrapper:before{background-color:#000000;opacity:0.6}.ugb-6283aac .ugb-video-popup__wrapper:hover:before{opacity:0.3}<\/style><div class=\"ugb-inner-block\"><div class=\"ugb-block-content\"><div class=\"ugb-video-popup__wrapper ugb--has-background-overlay\" data-video=\"lTathM1xqvo\"><button class=\"ugb-video-popup__overlay\" aria-label=\"Play\"><span class=\"ugb-video-popup__play-button\"><svg xmlns=\"http:\/\/www.w3.org\/2000\/svg\" viewbox=\"0 0 256 320\" class=\"ugb-play-button-normal\" width=\"30\" height=\"30\"><path d=\"M0 0v320l256-160L0 0z\"><\/path><\/svg><\/span><\/button><\/div><\/div><\/div><\/div>\n\n\n\n<div class=\"wp-block-ugb-container ugb-container ugb-10f0603 ugb-container--v2 ugb-container--design-basic ugb-main-block\"><div class=\"ugb-inner-block\"><div class=\"ugb-block-content\"><div class=\"ugb-container__wrapper ugb-10f0603-wrapper\"><div class=\"ugb-container__side\"><div class=\"ugb-container__content-wrapper ugb-10f0603-content-wrapper\">\n<div class=\"wp-block-stackable-columns stk-block-columns stk-block stk-03404da\" data-block-id=\"03404da\"><div class=\"stk-row stk-inner-blocks stk-block-content stk-content-align stk-03404da-column\">\n<div class=\"wp-block-stackable-column stk-block-column stk-column stk-block stk-263aa8f\" data-block-id=\"263aa8f\"><div class=\"stk-column-wrapper stk-block-column__content stk-container stk-263aa8f-container stk--no-background stk--no-padding\"><div class=\"stk-block-content stk-inner-blocks\">\n<blockquote class=\"wp-block-quote\"><p>\u201dJuurakko yhdist\u00e4\u00e4 bluesia ja kansanmusiikkia vastustamattomasti.\u201d<\/p><cite>Mari Koppinen, Helsingin Sanomat<\/cite><\/blockquote>\n<\/div><\/div><\/div>\n\n\n\n<div class=\"wp-block-stackable-column stk-block-column stk-column stk-block stk-e503975\" data-block-id=\"e503975\"><div class=\"stk-column-wrapper stk-block-column__content stk-container stk-e503975-container stk--no-background stk--no-padding\"><div class=\"stk-block-content stk-inner-blocks\">\n<blockquote class=\"wp-block-quote\"><p>\u201dDet l\u00e5ter som om man h\u00e5ller p\u00e5 att spricka av spelgl\u00e4dje helt enkelt.\u201d<\/p><cite>Tove Djupsj\u00f6backa, Hufvudstadsbladet<\/cite><\/blockquote>\n<\/div><\/div><\/div>\n<\/div><\/div>\n<\/div><\/div><\/div><\/div><\/div><\/div>\n<\/div><\/div><\/div><\/div><\/div><\/div>\n\n\n\n<p><\/p>\n","protected":false},"excerpt":{"rendered":"<p>Ota yhteytt\u00e4 Juurimusiikkia ja v\u00e4kev\u00e4\u00e4 tarinankerrontaa yhdistelev\u00e4 Juurakko risteytt\u00e4\u00e4 suomenkielisen blueslaulannan ja&nbsp;perinteisen kotimaisen soittimiston railakkaalla skiffle-asenteella. Rouhea Juurakko-blues vie ajoittain syv\u00e4lle&nbsp;r\u00e4meelle ja toisinaan tanssittaa kepe\u00e4sti laivan kannella. Yhtye ylitt\u00e4\u00e4 musiikin tyylirajat riemukkaasti eik\u00e4&nbsp;kaihda eriskummallisiakaan tarinoita. Juurakko on juurilla ja mullassa kyyn\u00e4rp\u00e4it\u00e4 my\u00f6ten. Laura Kaartinenlaulu, matkaharmoni, ly\u00f6m\u00e4soittimet Minsku Tammelalaulu, jouhikko, kampa, munniharppu, ly\u00f6m\u00e4soittimet Anna Wikstenlaulu, plankku, [&hellip;]<\/p>\n","protected":false},"author":1,"featured_media":0,"parent":0,"menu_order":0,"comment_status":"closed","ping_status":"closed","template":"","meta":{"pgc_sgb_lightbox_settings":""},"blocksy_meta":{"styles_descriptor":{"styles":{"desktop":"","tablet":"","mobile":""},"google_fonts":[],"version":6},"page_title_panel":"","has_hero_section":"disabled","b249293459e64ef484598f53fcb403c3":"","hero_section":"type-1","hero_elements":[{"id":"custom_title","enabled":true,"heading_tag":"h1","title":"Home"},{"id":"custom_description","enabled":true,"description_visibility":{"desktop":true,"tablet":true,"mobile":false}},{"id":"custom_meta","enabled":false,"meta_elements":[{"id":"author","enabled":true,"label":"By","has_author_avatar":"yes","avatar_size":25},{"id":"post_date","enabled":true,"label":"On","date_format_source":"default","date_format":"M j, Y"},{"id":"comments","enabled":true}],"page_meta_elements":{"joined":true,"articles_count":true,"comments":true}},{"id":"breadcrumbs","enabled":false}],"b3e41349199be4ef559031e22a4af1d6":"","hero_alignment1":"CT_CSS_SKIP_RULE","hero_margin":40,"hero_alignment2":"center","hero_vertical_alignment":"center","9e43e4c55c1c1ba5ac732dd11e9854a1":"","hero_structure":"narrow","d6aba25ed88f64ecad663f70edf46aa7":"","page_title_bg_type":"featured_image","custom_hero_background":{"attachment_id":null},"parallax":{"desktop":false,"tablet":false,"mobile":false},"e6b67f28e134e9692960c5426ca37c12":"","hero_height":"250px","pageTitleFont":{"family":"Default","variation":"Default","size":{"desktop":"32px","tablet":"30px","mobile":"25px"},"line-height":"CT_CSS_SKIP_RULE","letter-spacing":"CT_CSS_SKIP_RULE","text-transform":"CT_CSS_SKIP_RULE","text-decoration":"CT_CSS_SKIP_RULE"},"pageTitleFontColor":{"default":{"color":"CT_CSS_SKIP_RULEDEFAULT"}},"e0af33e1ff02db3624b00d9718d1ab58":"","pageMetaFont":{"family":"Default","variation":"n6","size":"12px","line-height":"1.3","letter-spacing":"CT_CSS_SKIP_RULE","text-transform":"uppercase","text-decoration":"CT_CSS_SKIP_RULE"},"pageMetaFontColor":{"default":{"color":"CT_CSS_SKIP_RULEDEFAULT"},"hover":{"color":"CT_CSS_SKIP_RULEDEFAULT"}},"page_meta_button_type_font_colors":{"default":{"color":"CT_CSS_SKIP_RULEDEFAULT"},"hover":{"color":"CT_CSS_SKIP_RULEDEFAULT"}},"page_meta_button_type_background_colors":{"default":{"color":"CT_CSS_SKIP_RULEDEFAULT"},"hover":{"color":"CT_CSS_SKIP_RULEDEFAULT"}},"43ceecbcd6c35ef5ac6a71986bf3e87e":"","pageExcerptFont":{"family":"Default","variation":"Default","size":"CT_CSS_SKIP_RULE","line-height":"CT_CSS_SKIP_RULE","letter-spacing":"CT_CSS_SKIP_RULE","text-transform":"CT_CSS_SKIP_RULE","text-decoration":"CT_CSS_SKIP_RULE"},"pageExcerptColor":{"default":{"color":"CT_CSS_SKIP_RULEDEFAULT"}},"79b0455f5fe392657d04105e91fcba12":"","breadcrumbsFont":{"family":"Default","variation":"n6","size":"12px","line-height":"CT_CSS_SKIP_RULE","letter-spacing":"CT_CSS_SKIP_RULE","text-transform":"uppercase","text-decoration":"CT_CSS_SKIP_RULE"},"breadcrumbsFontColor":{"default":{"color":"CT_CSS_SKIP_RULEDEFAULT"},"initial":{"color":"CT_CSS_SKIP_RULEDEFAULT"},"hover":{"color":"CT_CSS_SKIP_RULEDEFAULT"}},"2f3150158de33a0ea1ef093ee9b52dc7":"","pageTitleOverlay":{"background_type":"color","background_pattern":"type-1","background_image":{"attachment_id":null,"x":0,"y":0},"gradient":"linear-gradient(135deg,rgba(6,147,227,1) 0%,rgb(155,81,224) 100%)","background_repeat":"repeat","background_size":"auto","background_attachment":"scroll","patternColor":{"default":{"color":"#e5e7ea"}},"overlayColor":{"default":{"color":"CT_CSS_SKIP_RULE"}},"backgroundColor":{"default":{"color":"CT_CSS_SKIP_RULE"}},"default":{"color":"CT_CSS_SKIP_RULE"}},"9e65420159aea1d73ae7cee3ca1b492a":"","pageTitleBackground":{"background_type":"color","background_pattern":"type-1","background_image":{"attachment_id":null,"x":0,"y":0},"gradient":"linear-gradient(135deg,rgba(6,147,227,1) 0%,rgb(155,81,224) 100%)","background_repeat":"no-repeat","background_size":"auto","background_attachment":"scroll","patternColor":{"default":{"color":"#e5e7ea"}},"overlayColor":{"default":{"color":"CT_CSS_SKIP_RULE"}},"backgroundColor":{"default":{"color":"var(--theme-palette-color-6)"}}},"707bebb101b5d20a75bd7c8d2e891ff9":"","pageTitlePadding":{"top":"50px","bottom":"50px","left":"auto","right":"auto","linked":true},"17a8887d0655b7eb91bce621b55c3196":"","page_structure_type":"default","58dbd6000063755488bb3eb79318d4de":"","content_style_source":"inherit","content_style":"wide","vertical_spacing_source":"custom","content_area_spacing":"none","background":{"background_type":"color","background_pattern":"type-1","background_image":{"attachment_id":null,"x":0,"y":0},"gradient":"linear-gradient(135deg,rgba(6,147,227,1) 0%,rgb(155,81,224) 100%)","background_repeat":"repeat","background_size":"auto","background_attachment":"scroll","patternColor":{"default":{"color":"#e5e7ea"}},"overlayColor":{"default":{"color":"CT_CSS_SKIP_RULE"}},"backgroundColor":{"default":{"color":"CT_CSS_SKIP_RULE"}}},"content_background":{"background_type":"color","background_pattern":"type-1","background_image":{"attachment_id":null,"x":0,"y":0},"gradient":"linear-gradient(135deg,rgba(6,147,227,1) 0%,rgb(155,81,224) 100%)","background_repeat":"no-repeat","background_size":"auto","background_attachment":"scroll","patternColor":{"default":{"color":"#e5e7ea"}},"overlayColor":{"default":{"color":"CT_CSS_SKIP_RULE"}},"backgroundColor":{"default":{"color":"var(--theme-palette-color-8)"}}},"content_boxed_shadow":{"inherit":false,"blur":18,"spread":-6,"v_offset":12,"h_offset":0,"inset":false,"enable":true,"color":{"color":"rgba(34, 56, 101, 0.04)"}},"boxed_content_spacing":{"desktop":{"top":"40px","bottom":"40px","left":"40px","right":"40px","linked":true},"tablet":{"top":"35px","bottom":"35px","left":"35px","right":"35px","linked":true},"mobile":{"top":"20px","bottom":"20px","left":"20px","right":"20px","linked":true}},"content_boxed_radius":{"top":"3px","bottom":"3px","left":"3px","right":"3px","linked":true},"c47e95c133eec5bea7392dbee79890d3":"","disable_featured_image":"no","disable_header":"no","disable_footer":"no","3c57af1fb5c064920ba40bac893728b9":"","cc25ade43f5173980cf32f494748b5bf":"","3c488025566a4a145e26973354be048f":"","98c4720ee86def9edea3fb81ee3f1d6f":"","8a6b71a862a1b2018fcd69d78ed432e4":"","af57a47f3ae01941a83f6d599a799487":"","4c403564adbc8374f19a50b3c7cb653f":"","f4e357fd5e600340949b80dc00ed267b":"","disable_share_box":"no"},"featured_image_urls":{"full":"","thumbnail":"","medium":"","medium_large":"","large":"","1536x1536":"","2048x2048":""},"post_excerpt_stackable":"<p>Ota yhteytt\u00e4 Juurimusiikkia ja v\u00e4kev\u00e4\u00e4 tarinankerrontaa yhdistelev\u00e4 Juurakko risteytt\u00e4\u00e4 suomenkielisen blueslaulannan ja&nbsp;perinteisen kotimaisen soittimiston railakkaalla skiffle-asenteella. Rouhea Juurakko-blues vie ajoittain syv\u00e4lle&nbsp;r\u00e4meelle ja toisinaan tanssittaa kepe\u00e4sti laivan kannella. Yhtye ylitt\u00e4\u00e4 musiikin tyylirajat riemukkaasti eik\u00e4&nbsp;kaihda eriskummallisiakaan tarinoita. Juurakko on juurilla ja mullassa kyyn\u00e4rp\u00e4it\u00e4 my\u00f6ten. Laura Kaartinenlaulu, matkaharmoni, ly\u00f6m\u00e4soittimet Minsku Tammelalaulu, jouhikko, kampa, munniharppu, ly\u00f6m\u00e4soittimet Anna Wikstenlaulu, plankku, ly\u00f6m\u00e4soittimet Eija Kankaanrantakanteleet Kaisa Saarikorpilaulu, sikarilaatikkosoittimet, kitarat, ly\u00f6m\u00e4soittimet \u201dJuurakko yhdist\u00e4\u00e4 bluesia ja kansanmusiikkia vastustamattomasti.\u201dMari Koppinen, Helsingin Sanomat \u201dDet l\u00e5ter som om man h\u00e5ller p\u00e5 att spricka av spelgl\u00e4dje helt enkelt.\u201dTove Djupsj\u00f6backa, Hufvudstadsbladet<\/p>\n","category_list":"","author_info":{"name":"admin","url":"https:\/\/juurakko.eurea.fi\/index.php\/author\/admin\/"},"comments_num":"0 comments","featured_image_urls_v2":{"full":"","thumbnail":"","medium":"","medium_large":"","large":"","1536x1536":"","2048x2048":""},"post_excerpt_stackable_v2":"<p>Ota yhteytt\u00e4 Juurimusiikkia ja v\u00e4kev\u00e4\u00e4 tarinankerrontaa yhdistelev\u00e4 Juurakko risteytt\u00e4\u00e4 suomenkielisen blueslaulannan ja&nbsp;perinteisen kotimaisen soittimiston railakkaalla skiffle-asenteella. Rouhea Juurakko-blues vie ajoittain syv\u00e4lle&nbsp;r\u00e4meelle ja toisinaan tanssittaa kepe\u00e4sti laivan kannella. Yhtye ylitt\u00e4\u00e4 musiikin tyylirajat riemukkaasti eik\u00e4&nbsp;kaihda eriskummallisiakaan tarinoita. Juurakko on juurilla ja mullassa kyyn\u00e4rp\u00e4it\u00e4 my\u00f6ten. Laura Kaartinenlaulu, matkaharmoni, ly\u00f6m\u00e4soittimet Minsku Tammelalaulu, jouhikko, kampa, munniharppu, ly\u00f6m\u00e4soittimet Anna Wikstenlaulu, plankku, ly\u00f6m\u00e4soittimet Eija Kankaanrantakanteleet Kaisa Saarikorpilaulu, sikarilaatikkosoittimet, kitarat, ly\u00f6m\u00e4soittimet \u201dJuurakko yhdist\u00e4\u00e4 bluesia ja kansanmusiikkia vastustamattomasti.\u201dMari Koppinen, Helsingin Sanomat \u201dDet l\u00e5ter som om man h\u00e5ller p\u00e5 att spricka av spelgl\u00e4dje helt enkelt.\u201dTove Djupsj\u00f6backa, Hufvudstadsbladet<\/p>\n","category_list_v2":"","author_info_v2":{"name":"admin","url":"https:\/\/juurakko.eurea.fi\/index.php\/author\/admin\/"},"comments_num_v2":"0 comments","_links":{"self":[{"href":"https:\/\/juurakko.eurea.fi\/index.php\/wp-json\/wp\/v2\/pages\/2"}],"collection":[{"href":"https:\/\/juurakko.eurea.fi\/index.php\/wp-json\/wp\/v2\/pages"}],"about":[{"href":"https:\/\/juurakko.eurea.fi\/index.php\/wp-json\/wp\/v2\/types\/page"}],"author":[{"embeddable":true,"href":"https:\/\/juurakko.eurea.fi\/index.php\/wp-json\/wp\/v2\/users\/1"}],"replies":[{"embeddable":true,"href":"https:\/\/juurakko.eurea.fi\/index.php\/wp-json\/wp\/v2\/comments?post=2"}],"version-history":[{"count":161,"href":"https:\/\/juurakko.eurea.fi\/index.php\/wp-json\/wp\/v2\/pages\/2\/revisions"}],"predecessor-version":[{"id":925,"href":"https:\/\/juurakko.eurea.fi\/index.php\/wp-json\/wp\/v2\/pages\/2\/revisions\/925"}],"wp:attachment":[{"href":"https:\/\/juurakko.eurea.fi\/index.php\/wp-json\/wp\/v2\/media?parent=2"}],"curies":[{"name":"wp","href":"https:\/\/api.w.org\/{rel}","templated":true}]}}